{"id":1970,"date":"2019-08-29T12:26:06","date_gmt":"2019-08-29T10:26:06","guid":{"rendered":"https:\/\/test.re-mic.de\/leitung\/seminare-und-eingeladene-vortraege\/"},"modified":"2022-11-15T10:52:09","modified_gmt":"2022-11-15T09:52:09","slug":"seminars-and-invited-lectures","status":"publish","type":"page","link":"https:\/\/re-mic.de\/en\/head\/seminars-and-invited-lectures\/","title":{"rendered":"Seminars and invited lectures"},"content":{"rendered":"<div id=\"pl-1970\"  class=\"panel-layout\" ><div id=\"pg-1970-0\"  class=\"panel-grid panel-no-style\" ><div id=\"pgc-1970-0-0\"  class=\"panel-grid-cell\" ><div id=\"panel-1970-0-0-0\" class=\"so-panel widget widget_sow-headline panel-first-child panel-last-child\" data-index=\"0\" ><div\n\t\t\t\n\t\t\tclass=\"so-widget-sow-headline so-widget-sow-headline-default-8cc95407bff1-1970\"\n\t\t\t\n\t\t><div class=\"sow-headline-container \">\n\t\t\t\t\t\t\t<h3 class=\"sow-headline\">\n\t\t\t\t\t\tSeminars and invited lectures\t\t\t\t\t\t<\/h3>\n\t\t\t\t\t\t<\/div>\n<\/div><\/div><\/div><\/div><div id=\"pg-1970-1\"  class=\"panel-grid panel-no-style\" ><div id=\"pgc-1970-1-0\"  class=\"panel-grid-cell\" ><div id=\"panel-1970-1-0-0\" class=\"so-panel widget widget_sow-editor panel-first-child panel-last-child\" data-index=\"1\" ><div\n\t\t\t\n\t\t\tclass=\"so-widget-sow-editor so-widget-sow-editor-base\"\n\t\t\t\n\t\t>\n<div class=\"siteorigin-widget-tinymce textwidget\">\n\t<ul>\n<li>2022: Webinar des Ausschusses Wissenschaft und Forschung der Deutschen Gesellschaft f\u00fcr Orthop\u00e4die und Unfallchirurgie (DGOU): \"KI-basierte Bildanalyse zur computer-unterst\u00fctzten Frakturerkennung\"<\/li>\n<\/ul>\n<ul>\n<li>2022: OTH Regensburg, Lange Nacht der Wissenschaften (nacht.schafft.wissen), \"K\u00fcnstliche Intelligenz in der Medizin - Stellt der Computer die bessere Diagnose?\"<\/li>\n<\/ul>\n<ul>\n<li>2022: Lions Club Regensburg-Land, \"K\u00fcnstliche Intelligenz in der Medizin - Stellt der Computer die bessere Diagnose?\"<\/li>\n<\/ul>\n<ul>\n<li>2022: 2. M\u00fcnsteraner Fr\u00fchlingssymposium, \"K\u00fcnstliche Intelligenz - Neue Ans\u00e4tze in der Fr\u00fcherkennung des Barrett Karzinoms\"<\/li>\n<\/ul>\n<ul>\n<li>2022: Lions Club Regensburg, \"K\u00fcnstliche Intelligenz in der Medizin - Stellen Computer die bessere Diagnose\"<\/li>\n<\/ul>\n<ul>\n<li>2022: Rotary Club Marc Aurel, \"Medizinische Bildverarbeitung am Beispiel: K\u00fcnstliche Intelligenz f\u00fcr die Endoskopie\"<\/li>\n<\/ul>\n<ul>\n<li>2022: Innovationstag Healthcare Regensburg, \"DeepMIC - Deep Learning basierte Endoskopnachf\u00fchrung\"<\/li>\n<\/ul>\n<ul>\n<li>2022: OTH Regensburg, Girls Day, \"KI in der Medizinischen Bildverarbeitung am Beispiel der Endoskopie\"<\/li>\n<\/ul>\n<ul>\n<li>2022: OTH Regensburg, Schnupperstudium, \"KI in der Medizinischen Bildverarbeitung am Beispiel der Endoskopie\"<\/li>\n<\/ul>\n<ul>\n<li>2021: AIR:Leben Online-Event, Vortr\u00e4ge zu KI in der Medizin<\/li>\n<\/ul>\n<ul>\n<li>2021: STADTnah, Vortragsreihe zum 50-j\u00e4hrigen Jubil\u00e4um der OTH Regensburg<\/li>\n<\/ul>\n<ul>\n<li>2020: Olympus Webinar, Artificial Intelligence (AI) in Endoscopy, \"How does AI work?\"<\/li>\n<\/ul>\n<ul>\n<li>2020: OTH Regensburg, Schnupperstudium, \"Stellen Computer die bessere Diagnose? Einstieg in die Deep Learning Methodik\"<\/li>\n<\/ul>\n<ul>\n<li>2020: CSU Klausurtagung in Kloster Seeon, \"K\u00fcnstliche Intelligenz zur Diagnoseunterst\u00fctzung - Fr\u00fcherkennung von Speiser\u00f6hrenkrebs\"<\/li>\n<\/ul>\n<ul>\n<li>2019: 49. Kongress der Deutschen Gesellschaft f\u00fcr Endoskopie und Bildgebende Verfahren (DGE-BV) in Stuttgart: Deep Learning f\u00fcr Barrett\u2019s Esophagus<\/li>\n<\/ul>\n<ul>\n<li>2019: VHS Regensburg und OTH Regensburg, Offene Hochschule, \"Informatik trifft Medizin - K\u00fcnstliche Intelligenz - Stellt der Computer die bessere Diagnose?\"<\/li>\n<\/ul>\n<ul>\n<li>2019: OTH Regensburg, Lange Nacht der Wissenschaften (nacht.schafft.wissen), \"Informatik trifft Medizin - K\u00fcnstliche Intelligenz - Stellt der Computer die bessere Diagnose?\"<\/li>\n<\/ul>\n<ul>\n<li>2019: EndoUpdate Augsburg, \"K\u00fcnstliche Intelligenz in der Medizin\"<\/li>\n<\/ul>\n<ul>\n<li>2017: OTH Regensburg, Tag der Informatik, 2017: \"Informatik trifft Medizin - Diagnoseunterst\u00fctzung durch Medizinische Bildverarbeitung und Machine Learning\"<\/li>\n<\/ul>\n<ul>\n<li>2017: Universit\u00e4t Regensburg, 15. Jahrestagung des AKs Elektronenmikroskopische Erregerdiagnostik der Deutschen Gesellschaft f\u00fcr Elektronenmikroskopie, \"Ziliendiagnostik - Was kann die Informatik leisten?\"<\/li>\n<\/ul>\n<ul>\n<li>2017: OTH Regensburg, Lange Nacht der Wissenschaften (nacht.schafft.wissen), \"Informatik trifft Medizin - Diagnoseunterst\u00fctzung durch Medizinische Bildverarbeitung und Machine Learning\"<\/li>\n<\/ul>\n<ul>\n<li style=\"text-align: left;\">2016: <a href=\"https:\/\/www.amg-regensburg.de\/\">Albertus Magnus Gymnasium Regensburg<\/a>, Wissenschafliche Vortr\u00e4ge im Rahmen der Kooperation Gymnasien und Hochschulen,\u00a0 \"Informatik trifft Medizin - Computerbasierte Diagnoseunterst\u00fctzung durch Medizinische Bildverarbeitung und Machine Learning\"<\/li>\n<\/ul>\n<ul style=\"text-align: left;\">\n<li>2013: OTH Regensburg,\u00a0<a href=\"https:\/\/www.oth-regensburg.de\/fileadmin\/media\/fakultaeten\/im\/veranstaltung\/40JahreInf\/tagderoffenenlabore.pdf\"><strong>Tag der offenen Labore<\/strong><\/a>, \"Von geschnittenen Hirnen und gestapelten Bananen - mit Medizinischer Bildverarbeitung von 2D zu 3D\"<\/li>\n<\/ul>\n<ul style=\"text-align: left;\">\n<li>2012: Hochschule Regensburg,\u00a0<strong>Lange Nacht der Wissenschaften<\/strong>\u00a0(<a title=\"nacht.schafft.wissen\" href=\"http:\/\/www.nacht-schafft-wissen.de\/\" target=\"_blank\" rel=\"noopener noreferrer\">www.nacht.schafft.wissen.de<\/a>), \"Von geschnittenen Hirnen und gestapelten Bananen - mit Medizinischer Bildverarbeitung von 2D zu 3D\"<\/li>\n<\/ul>\n<ul style=\"text-align: left;\">\n<li>2010 <a href=\"https:\/\/www.amg-regensburg.de\/\">Albertus Magnus Gymnasium Regensburg<\/a>, Regensburger Sch\u00fclerakademie,\u00a0 \"Von grauen Zellen und geraden Bananen - Scheibchenweise (Ein)Blick ins Gehirn\"<\/li>\n<\/ul>\n<ul style=\"text-align: left;\">\n<li>2010 Hochschule Regensburg, Antrittsvorlesung im Rahmen des 1. Forums<strong>\u00a0Medizinische Informatik<\/strong>\u00a0Regensburg, \"Registrierung von Schnittbildern in der Medizin\"<\/li>\n<\/ul>\n<ul style=\"text-align: left;\">\n<li>2010: Universit\u00e4t T\u00fcbingen, Seminar, Zentrum f\u00fcr Molekularbiologie der Pflanzen, Pflanzenphysiologie, \"Affine and Fluid Registraion of Section Images in Medicine\"<\/li>\n<\/ul>\n<ul style=\"text-align: left;\">\n<li>2007: 35. Heidelberger Bildverarbeitungsforum, Polytec GmbH, Waldbronn, zum Thema: Farb- und spektroskopische Bildverarbeitung: \"Integrative Auswertung von Farbe und Textur\"<\/li>\n<\/ul>\n<ul style=\"text-align: left;\">\n<li>2006: University College London, Seminar des Centre for Medical Image Computing (CMIC): \"Fusion of multimodal rat brain images\"<\/li>\n<\/ul>\n<ul style=\"text-align: left;\">\n<li>2003: Universit\u00e4t Erlangen, Kolloqium zum Graduiertenkolleg 3D Bildanalyse und -synthese: \"Integrative Auswertung von Farbe und Textur - Farbtexturanalyse f\u00fcr die Medizinische Bildverarbeitung\"<\/li>\n<\/ul>\n<ul>\n<li style=\"text-align: left;\">1999-2006: Mibeg Institut f\u00fcr Berufliche Weiterbildung K\u00f6ln, Dozentent\u00e4tigkeit f\u00fcr den Themenbereich \"Medizinische Bildverarbeitung\"<\/li>\n<\/ul>\n<\/div>\n<\/div><\/div><\/div><\/div><\/div>","protected":false},"excerpt":{"rendered":"<p>2022: Webinar des Ausschusses Wissenschaft und Forschung der Deutschen Gesellschaft f\u00fcr Orthop\u00e4die und Unfallchirurgie (DGOU): &#8220;KI-basierte Bildanalyse zur computer-unterst\u00fctzten Frakturerkennung&#8221; 2022: OTH Regensburg, Lange Nacht der Wissenschaften (nacht.schafft.wissen), &#8220;K\u00fcnstliche Intelligenz in der Medizin &#8211; Stellt der Computer die bessere Diagnose?&#8221; 2022: Lions Club Regensburg-Land, &#8220;K\u00fcnstliche Intelligenz in der Medizin &#8211; Stellt der Computer die bessere [&hellip;]<\/p>\n","protected":false},"author":1,"featured_media":0,"parent":1964,"menu_order":0,"comment_status":"closed","ping_status":"closed","template":"","meta":{"inline_featured_image":false,"footnotes":""},"class_list":["post-1970","page","type-page","status-publish","hentry"],"_links":{"self":[{"href":"https:\/\/re-mic.de\/en\/wp-json\/wp\/v2\/pages\/1970","targetHints":{"allow":["GET"]}}],"collection":[{"href":"https:\/\/re-mic.de\/en\/wp-json\/wp\/v2\/pages"}],"about":[{"href":"https:\/\/re-mic.de\/en\/wp-json\/wp\/v2\/types\/page"}],"author":[{"embeddable":true,"href":"https:\/\/re-mic.de\/en\/wp-json\/wp\/v2\/users\/1"}],"replies":[{"embeddable":true,"href":"https:\/\/re-mic.de\/en\/wp-json\/wp\/v2\/comments?post=1970"}],"version-history":[{"count":18,"href":"https:\/\/re-mic.de\/en\/wp-json\/wp\/v2\/pages\/1970\/revisions"}],"predecessor-version":[{"id":5542,"href":"https:\/\/re-mic.de\/en\/wp-json\/wp\/v2\/pages\/1970\/revisions\/5542"}],"up":[{"embeddable":true,"href":"https:\/\/re-mic.de\/en\/wp-json\/wp\/v2\/pages\/1964"}],"wp:attachment":[{"href":"https:\/\/re-mic.de\/en\/wp-json\/wp\/v2\/media?parent=1970"}],"curies":[{"name":"wp","href":"https:\/\/api.w.org\/{rel}","templated":true}]}}